{"id":124,"date":"2012-01-21T22:09:22","date_gmt":"2012-01-21T22:09:22","guid":{"rendered":"http:\/\/www.lecker-backen.de\/blog\/?page_id=124"},"modified":"2014-08-30T02:05:42","modified_gmt":"2014-08-30T00:05:42","slug":"anleitung-zum-einstellen-der-rezepte","status":"publish","type":"page","link":"http:\/\/www.lecker-backen.de\/blog\/?page_id=124","title":{"rendered":"Anleitung zum Einstellen der Rezepte"},"content":{"rendered":"<p>Aller Anfang ist schwer, vor allem wenn man noch nie an einem Blog gearbeitet hat. Dazu gibt es hier jetzt eine kleine Anleitung wie Ihr Euere Rezepte Online bringt.<\/p>\n<p>1. Als erstes registriert Ihr Euch, geht dazu rechts im Men\u00fc auf<span style=\"color: #ff0000;\"> Optionen<\/span> und dann auf <span style=\"color: #ff0000;\">Registrieren<\/span>.<\/p>\n<p>2. Gebt Eueren gew\u00fcnschten <span style=\"color: #ff0000;\">Benutzername<\/span> und eine g\u00fcltige <span style=\"color: #ff0000;\">email-Adresse<\/span> ein.<br \/>\nAchtung: Der Benutzername kann sp\u00e4ter\u00a0 nicht mehr umge\u00e4ndert werden.<\/p>\n<p>Wenn jetzt die Meldung &#8222;<span style=\"color: #ff0000;\">Registrierung vollst\u00e4ndig. Bitte schau in dein E-Mail-Postfach<\/span>.&#8220; erscheint hast Du alles richtig gemacht. Nun sollten Deine Zugangsdaten mit dem Passwort in Deiner Mailbox sein.<\/p>\n<p>3. Logge Dich mit Deinen Zugangsdaten auf der Seite ein. F\u00fclle nun Dein Profil aus, und \u00e4ndere evtl. Dein Passwort um.<\/p>\n<p>4. Wenn Du oben Links wieder auf den Rezepteblog zur\u00fcckgehst <span style=\"color: #ff0000;\">kannst Du Rezepte kommentieren<\/span>, Diese sind\u00a0 allerdings noch nicht sofort sichtbar sind, sondern m\u00fcssen von uns freigeschaltet werden.<\/p>\n<p>5. Wenn Du <span style=\"color: #ff0000;\">aktiv<\/span> auf unserer Seite <span style=\"color: #ff0000;\">Beitr\u00e4ge (Rezepte) und Kommentare schreiben und\u00a0 Bilder hochladen<\/span> willst, dann gib in ein beliebiges Kommentarfeld den Hinweis &#8222;<span style=\"color: #ff0000;\">Ich m\u00f6chte Autor werden<\/span>&#8220; ein. Wir werden dann Deine Funktionen erweitern, so dass Du aktiv an diesem Blog mitarbeiten kannst.<\/p>\n<p><strong>Noch ein kleiner Hinweis zum Einstellen der Rezeptbilder.<\/strong><br \/>\nBitte ladet nur<span style=\"color: #ff0000;\"> eigene Fotos<\/span> und keine aus Backb\u00fcchern\/Zeitschriften und dem Internet gefundene hoch, denn auf (fast) allen Bildern ist ein Copyright. Solche Bilder m\u00fcssen wir leider unverz\u00fcglich l\u00f6schen.<\/p>\n<p>Nun w\u00fcnschen wir Euch viel Spa\u00df beim Mitmachen unseres Rezepteblogs.<br \/>\nEuer Lecker-backen Team<\/p>\n","protected":false},"excerpt":{"rendered":"<p>Aller Anfang ist schwer, vor allem wenn man noch nie an einem Blog gearbeitet hat. Dazu gibt es hier jetzt eine kleine Anleitung wie Ihr Euere Rezepte Online bringt. 1. Als erstes registriert Ihr Euch, geht dazu rechts im Men\u00fc auf Optionen und dann auf Registrieren. 2. Gebt Eueren gew\u00fcnschten Benutzername und eine g\u00fcltige email-Adresse [&hellip;]<\/p>\n","protected":false},"author":1,"featured_media":0,"parent":0,"menu_order":0,"comment_status":"open","ping_status":"open","template":"","meta":{"wprm-recipe-roundup-name":"","wprm-recipe-roundup-description":"","footnotes":""},"class_list":["post-124","page","type-page","status-publish","hentry"],"_links":{"self":[{"href":"http:\/\/www.lecker-backen.de\/blog\/index.php?rest_route=\/wp\/v2\/pages\/124","targetHints":{"allow":["GET"]}}],"collection":[{"href":"http:\/\/www.lecker-backen.de\/blog\/index.php?rest_route=\/wp\/v2\/pages"}],"about":[{"href":"http:\/\/www.lecker-backen.de\/blog\/index.php?rest_route=\/wp\/v2\/types\/page"}],"author":[{"embeddable":true,"href":"http:\/\/www.lecker-backen.de\/blog\/index.php?rest_route=\/wp\/v2\/users\/1"}],"replies":[{"embeddable":true,"href":"http:\/\/www.lecker-backen.de\/blog\/index.php?rest_route=%2Fwp%2Fv2%2Fcomments&post=124"}],"version-history":[{"count":16,"href":"http:\/\/www.lecker-backen.de\/blog\/index.php?rest_route=\/wp\/v2\/pages\/124\/revisions"}],"predecessor-version":[{"id":1977,"href":"http:\/\/www.lecker-backen.de\/blog\/index.php?rest_route=\/wp\/v2\/pages\/124\/revisions\/1977"}],"wp:attachment":[{"href":"http:\/\/www.lecker-backen.de\/blog\/index.php?rest_route=%2Fwp%2Fv2%2Fmedia&parent=124"}],"curies":[{"name":"wp","href":"https:\/\/api.w.org\/{rel}","templated":true}]}}