{"id":2,"date":"2011-12-04T21:15:40","date_gmt":"2011-12-04T21:15:40","guid":{"rendered":"http:\/\/www.lecker-backen.de\/blog\/?page_id=2"},"modified":"2012-06-26T14:58:28","modified_gmt":"2012-06-26T12:58:28","slug":"impressum","status":"publish","type":"page","link":"http:\/\/www.lecker-backen.de\/blog\/?page_id=2","title":{"rendered":"Impressum"},"content":{"rendered":"<p>Lecker-backen ist:<\/p>\n<p><span style=\"font-family: Verdana; font-size: large;\"><span style=\"font-family: Verdana; font-size: large;\"><span style=\"font-size: x-small;\"><span style=\"color: #000000; font-size: x-small;\"><span style=\"font-family: Verdana; font-size: x-small;\">Familie Bleyer<br \/>\nHeckenstrasse 11<br \/>\n86179 Augsburg<br \/>\nDeutschland\/Germany<strong><\/strong><\/span><\/span><\/span><\/span><\/span><\/p>\n<p><a href=\"..\/..\/email\/email.htm\" target=\"_self\">e-Mail<\/a><\/p>\n<p><span style=\"font-size: x-small;\"> <span style=\"text-decoration: underline;\"><strong><span style=\"font-family: Verdana; font-size: x-small;\">Wichtiger Hinweis:<\/span><\/strong><\/span><span style=\"color: #000000; font-size: x-small;\"><span style=\"color: #6699ff; font-size: x-small;\"><br \/>\n<\/span> <span style=\"font-size: x-small;\"><span style=\"font-family: Verdana; font-size: x-small;\">Die hier angebotenen Rezepte und Bilder unterliegen unserem Copyright.<br \/>\nSie d\u00fcrfen nur f\u00fcr private Zwecke gespeichert und verwendet werden.<br \/>\nWir verbieten jede Ver\u00f6ffentlichung auf weiteren Internetseiten, B\u00fcchern, Zeitschriften, CD-Roms oder anderen Medien ohne vorherige Genehmigung unserer Seite.<br \/>\nDiese Genehmigung erteilen wir individuell auf Ihre Anfrage per <a href=\"..\/..\/email\/email.htm\" target=\"_self\">e-mail<\/a>.<\/span><\/span><\/span><\/span><\/p>\n<p><span style=\"color: #000000;\"><span style=\"text-decoration: underline;\"><span style=\"font-family: Verdana; font-size: x-small;\"><strong>Disclaimer:<\/strong><\/span><\/span><span style=\"font-family: Verdana; font-size: x-small;\"><br \/>\nMit dem Urteil vom 12. Mai 1998 &#8211; 312 O 85\/98 &#8211; &#8222;Haftung f\u00fcr Links&#8220; hat das Landgericht Hamburg entschieden, dass man durch einen Link auf eine andere Homepage deren Inhalte ggf. mit zu verantworten hat. Dies kann laut LG nur verhindert werden, indem man sich ausdr\u00fccklich von diesen Inhalten distanziert. Hiermit distanzieren wir uns ausdr\u00fccklich von s\u00e4mtlichen Inhalten aller von uns per Link angebotenen fremden Seiten.<\/span><\/span><\/p>\n<p><span style=\"text-decoration: underline;\"><strong>Haftungsausschluss:<\/strong><\/span><\/p>\n<div><span style=\"font-size: x-small;\">F\u00fcr alle Rezepte und Arbeitsanweisungen gilt:<\/span><\/div>\n<div><span style=\"font-size: x-small;\">Wir \u00fcbernehmen keine Haftung, die aus fehlerhaften oder falschen Angaben entstehen oder entstanden sind.<\/span><\/div>\n<p>&nbsp;<\/p>\n","protected":false},"excerpt":{"rendered":"<p>Lecker-backen ist: Familie Bleyer Heckenstrasse 11 86179 Augsburg Deutschland\/Germany e-Mail Wichtiger Hinweis: Die hier angebotenen Rezepte und Bilder unterliegen unserem Copyright. Sie d\u00fcrfen nur f\u00fcr private Zwecke gespeichert und verwendet werden. Wir verbieten jede Ver\u00f6ffentlichung auf weiteren Internetseiten, B\u00fcchern, Zeitschriften, CD-Roms oder anderen Medien ohne vorherige Genehmigung unserer Seite. Diese Genehmigung erteilen wir individuell auf [&hellip;]<\/p>\n","protected":false},"author":1,"featured_media":0,"parent":0,"menu_order":0,"comment_status":"closed","ping_status":"closed","template":"","meta":{"wprm-recipe-roundup-name":"","wprm-recipe-roundup-description":"","footnotes":""},"class_list":["post-2","page","type-page","status-publish","hentry"],"_links":{"self":[{"href":"http:\/\/www.lecker-backen.de\/blog\/index.php?rest_route=\/wp\/v2\/pages\/2","targetHints":{"allow":["GET"]}}],"collection":[{"href":"http:\/\/www.lecker-backen.de\/blog\/index.php?rest_route=\/wp\/v2\/pages"}],"about":[{"href":"http:\/\/www.lecker-backen.de\/blog\/index.php?rest_route=\/wp\/v2\/types\/page"}],"author":[{"embeddable":true,"href":"http:\/\/www.lecker-backen.de\/blog\/index.php?rest_route=\/wp\/v2\/users\/1"}],"replies":[{"embeddable":true,"href":"http:\/\/www.lecker-backen.de\/blog\/index.php?rest_route=%2Fwp%2Fv2%2Fcomments&post=2"}],"version-history":[{"count":6,"href":"http:\/\/www.lecker-backen.de\/blog\/index.php?rest_route=\/wp\/v2\/pages\/2\/revisions"}],"predecessor-version":[{"id":828,"href":"http:\/\/www.lecker-backen.de\/blog\/index.php?rest_route=\/wp\/v2\/pages\/2\/revisions\/828"}],"wp:attachment":[{"href":"http:\/\/www.lecker-backen.de\/blog\/index.php?rest_route=%2Fwp%2Fv2%2Fmedia&parent=2"}],"curies":[{"name":"wp","href":"https:\/\/api.w.org\/{rel}","templated":true}]}}