{"id":4,"date":"2011-12-04T21:52:48","date_gmt":"2011-12-04T21:52:48","guid":{"rendered":"http:\/\/www.lecker-backen.de\/blog\/?page_id=4"},"modified":"2012-01-21T19:06:28","modified_gmt":"2012-01-21T19:06:28","slug":"weihnachten","status":"publish","type":"page","link":"http:\/\/www.lecker-backen.de\/blog\/?page_id=4","title":{"rendered":"Hinweis"},"content":{"rendered":"<p><span style=\"color: #000000; font-size: x-small;\"><span style=\"color: #000000; font-size: x-small;\"><span style=\"font-family: Verdana; font-size: x-small;\"><strong><span style=\"text-decoration: underline;\">Copyrighthinweis:<\/span><\/strong><br \/>\nDas Copyright der hier angebotenen Rezepte und Bilder unterliegen dem jeweiligen Autoren des Rezeptes. <\/span><span style=\"font-family: Verdana; font-size: x-small;\"><br \/>\n<\/span><\/span><\/span><\/p>\n<p><span style=\"color: #000000; font-family: Verdana; font-size: x-small;\"><span style=\"text-decoration: underline;\"><strong>Disclaimer:<\/strong><\/span><br \/>\nMit dem Urteil vom 12. Mai 1998 &#8211; 312 O 85\/98 &#8211; &#8222;Haftung f\u00fcr Links&#8220; hat das Landgericht Hamburg entschieden, dass man durch einen Link auf eine andere Homepage deren Inhalte ggf. mit zu verantworten hat. Dies kann laut LG nur verhindert werden, indem man sich ausdr\u00fccklich von diesen Inhalten distanziert. Hiermit distanzieren wir uns ausdr\u00fccklich von s\u00e4mtlichen Inhalten aller von uns per Link angebotenen fremden Seiten.<\/span><\/p>\n<p><span style=\"font-family: Verdana; font-size: x-small;\"><span style=\"text-decoration: underline;\"><strong>Haftungsausschluss:<\/strong><\/span><\/span> <span style=\"font-family: Verdana; font-size: x-small;\"><br \/>\nF\u00fcr alle Rezepte und Arbeitsanweisungen gilt: <span style=\"color: #000000;\"> Wir \u00fcbernehmen keine Haftung, die aus fehlerhaften oder falschen Angaben entstehen oder entstanden sind.<\/span><\/span><\/p>\n","protected":false},"excerpt":{"rendered":"<p>Copyrighthinweis: Das Copyright der hier angebotenen Rezepte und Bilder unterliegen dem jeweiligen Autoren des Rezeptes. Disclaimer: Mit dem Urteil vom 12. Mai 1998 &#8211; 312 O 85\/98 &#8211; &#8222;Haftung f\u00fcr Links&#8220; hat das Landgericht Hamburg entschieden, dass man durch einen Link auf eine andere Homepage deren Inhalte ggf. mit zu verantworten hat. Dies kann laut [&hellip;]<\/p>\n","protected":false},"author":1,"featured_media":0,"parent":0,"menu_order":0,"comment_status":"closed","ping_status":"closed","template":"","meta":{"wprm-recipe-roundup-name":"","wprm-recipe-roundup-description":"","footnotes":""},"class_list":["post-4","page","type-page","status-publish","hentry"],"_links":{"self":[{"href":"http:\/\/www.lecker-backen.de\/blog\/index.php?rest_route=\/wp\/v2\/pages\/4","targetHints":{"allow":["GET"]}}],"collection":[{"href":"http:\/\/www.lecker-backen.de\/blog\/index.php?rest_route=\/wp\/v2\/pages"}],"about":[{"href":"http:\/\/www.lecker-backen.de\/blog\/index.php?rest_route=\/wp\/v2\/types\/page"}],"author":[{"embeddable":true,"href":"http:\/\/www.lecker-backen.de\/blog\/index.php?rest_route=\/wp\/v2\/users\/1"}],"replies":[{"embeddable":true,"href":"http:\/\/www.lecker-backen.de\/blog\/index.php?rest_route=%2Fwp%2Fv2%2Fcomments&post=4"}],"version-history":[{"count":7,"href":"http:\/\/www.lecker-backen.de\/blog\/index.php?rest_route=\/wp\/v2\/pages\/4\/revisions"}],"predecessor-version":[{"id":11,"href":"http:\/\/www.lecker-backen.de\/blog\/index.php?rest_route=\/wp\/v2\/pages\/4\/revisions\/11"}],"wp:attachment":[{"href":"http:\/\/www.lecker-backen.de\/blog\/index.php?rest_route=%2Fwp%2Fv2%2Fmedia&parent=4"}],"curies":[{"name":"wp","href":"https:\/\/api.w.org\/{rel}","templated":true}]}}